{"id":272,"date":"2025-05-22T12:41:57","date_gmt":"2025-05-22T12:41:57","guid":{"rendered":"https:\/\/vucan.com.br\/?page_id=272"},"modified":"2025-06-05T18:47:37","modified_gmt":"2025-06-05T18:47:37","slug":"onde-encontrar","status":"publish","type":"page","link":"https:\/\/vucan.com.br\/index.php\/onde-encontrar\/","title":{"rendered":"Onde Encontrar"},"content":{"rendered":"\t\t<div data-elementor-type=\"wp-page\" data-elementor-id=\"272\" class=\"elementor elementor-272\" data-elementor-post-type=\"page\">\n\t\t\t\t<div class=\"elementor-element elementor-element-f3bfe86 e-con-full e-flex e-con e-parent\" data-id=\"f3bfe86\" data-element_type=\"container\" data-settings=\"{&quot;background_background&quot;:&quot;classic&quot;}\">\n\t\t\t\t<\/div>\n\t\t<div class=\"elementor-element elementor-element-bf1eae4 e-flex e-con-boxed e-con e-parent\" data-id=\"bf1eae4\" data-element_type=\"container\">\n\t\t\t\t\t<div class=\"e-con-inner\">\n\t\t<div class=\"elementor-element elementor-element-388a464 e-con-full e-flex e-con e-child\" data-id=\"388a464\" data-element_type=\"container\">\n\t\t\t\t<div class=\"elementor-element elementor-element-31b4d01 elementor-widget elementor-widget-heading\" data-id=\"31b4d01\" data-element_type=\"widget\" data-widget_type=\"heading.default\">\n\t\t\t\t<div class=\"elementor-widget-container\">\n\t\t\t<h2 class=\"elementor-heading-title elementor-size-default\">Encontre<br>as lojas<\/h2>\t\t<\/div>\n\t\t\t\t<\/div>\n\t\t\t\t<div class=\"elementor-element elementor-element-d9453c5 elementor-widget elementor-widget-text-editor\" data-id=\"d9453c5\" data-element_type=\"widget\" data-widget_type=\"text-editor.default\">\n\t\t\t\t<div class=\"elementor-widget-container\">\n\t\t\t\t\t\t\t<p>Mais perto de voc\u00ea.<\/p>\t\t\t\t\t\t<\/div>\n\t\t\t\t<\/div>\n\t\t\t\t<div class=\"elementor-element elementor-element-0ff2a20 elementor-widget elementor-widget-text-editor\" data-id=\"0ff2a20\" data-element_type=\"widget\" data-widget_type=\"text-editor.default\">\n\t\t\t\t<div class=\"elementor-widget-container\">\n\t\t\t\t\t\t\t<p>Deseja ver tamb\u00e9m nossa rela\u00e7\u00e3o de representantes segmentados por cidade?\u00a0<a href=\"https:\/\/vucan.com.br\/representantes.php\">Clique Aqui<\/a>\u00a0ou Ligue para\u00a0<a href=\"https:\/\/vucan.com.br\/(77)%203427-5035\">(77) 3427-5035<\/a><\/p>\t\t\t\t\t\t<\/div>\n\t\t\t\t<\/div>\n\t\t<div class=\"elementor-element elementor-element-decd3a4 e-con-full e-flex e-con e-child\" data-id=\"decd3a4\" data-element_type=\"container\">\n\t\t\t\t<div class=\"elementor-element elementor-element-c5858c0 elementor-widget elementor-widget-text-editor\" data-id=\"c5858c0\" data-element_type=\"widget\" data-widget_type=\"text-editor.default\">\n\t\t\t\t<div class=\"elementor-widget-container\">\n\t\t\t\t\t\t\t<p><b>A Tambasa atende em todo o terrrit\u00f3rio nacional<\/b><br \/><b>Raz\u00e3o Social:<\/b>\u00a0TAMBASA ATACADISTAS<br \/><b>CNPJ:<\/b>\u00a017.359.233\/0001.88<br \/><b>Telefone:<\/b>\u00a0(31) 3359-0000<br \/><b>Site:<\/b>\u00a0www.tambasa.com<\/p>\t\t\t\t\t\t<\/div>\n\t\t\t\t<\/div>\n\t\t\t\t<div class=\"elementor-element elementor-element-3161842 elementor-widget__width-initial elementor-widget elementor-widget-image\" data-id=\"3161842\" data-element_type=\"widget\" data-widget_type=\"image.default\">\n\t\t\t\t<div class=\"elementor-widget-container\">\n\t\t\t\t\t\t\t\t\t\t\t\t\t\t<a href=\"https:\/\/tambasa.com\/\" target=\"_blank\">\n\t\t\t\t\t\t\t<img decoding=\"async\" width=\"214\" height=\"57\" src=\"https:\/\/vucan.com.br\/wp-content\/uploads\/2025\/05\/tambasa.png\" class=\"elementor-animation-grow attachment-medium size-medium wp-image-283\" alt=\"\" \/>\t\t\t\t\t\t\t\t<\/a>\n\t\t\t\t\t\t\t\t\t\t\t\t\t<\/div>\n\t\t\t\t<\/div>\n\t\t\t\t<\/div>\n\t\t\t\t<\/div>\n\t\t<div class=\"elementor-element elementor-element-0c9e859 e-con-full e-flex e-con e-child\" data-id=\"0c9e859\" data-element_type=\"container\" data-settings=\"{&quot;background_background&quot;:&quot;classic&quot;}\">\n\t\t\t\t<div class=\"elementor-element elementor-element-04e7c0d elementor-widget__width-initial elementor-widget elementor-widget-shortcode\" data-id=\"04e7c0d\" data-element_type=\"widget\" data-widget_type=\"shortcode.default\">\n\t\t\t\t<div class=\"elementor-widget-container\">\n\t\t\t\t\t<div class=\"elementor-shortcode\">    <form class=\"form-filtro-lojas\" id=\"form-filtro-lojas\">\n        <select name=\"estado\" id=\"select-estado\" class=\"select-estado\">\n            <option value=\"\">Selecione um estado<\/option>\n                    <\/select>\n\n        <select name=\"cidade\" id=\"select-cidade\" class=\"select-cidade\" disabled>\n            <option value=\"\">Selecione uma cidade<\/option>\n        <\/select>\n\n        <button type=\"submit\" class=\"botao-filtrar\">Filtrar<\/button>\n\t\t<a class=\"botao-filtrar\" href=\"https:\/\/vucan.com.br\/index.php\/onde-encontrar\/\">Nova Pesquisa<\/a>\n    <\/form>\n\n    <script>\n    document.addEventListener('DOMContentLoaded', function () {\n        const selectEstado = document.getElementById('select-estado');\n        const selectCidade = document.getElementById('select-cidade');\n        const form = document.getElementById('form-filtro-lojas');\n\n        selectEstado.addEventListener('change', function () {\n            const estado = this.value;\n            selectCidade.innerHTML = '<option>Carregando...<\/option>';\n            selectCidade.disabled = true;\n\n            fetch('https:\/\/vucan.com.br\/wp-admin\/admin-ajax.php?action=carregar_cidades&estado=' + estado)\n                .then(res => res.json())\n                .then(cidades => {\n                    selectCidade.innerHTML = '<option value=\"\">Selecione uma cidade<\/option>';\n                    cidades.forEach(cidade => {\n                        const option = document.createElement('option');\n                        option.value = cidade;\n                        option.textContent = cidade;\n                        selectCidade.appendChild(option);\n                    });\n                    selectCidade.disabled = false;\n                });\n        });\n\n        form.addEventListener('submit', function (e) {\n            e.preventDefault();\n            const estado = selectEstado.value;\n            const cidade = selectCidade.value;\n\n            const formData = new FormData();\n            formData.append('action', 'filtrar_lojas');\n            formData.append('estado', estado);\n            formData.append('cidade', cidade);\n\n            fetch('https:\/\/vucan.com.br\/wp-admin\/admin-ajax.php', {\n                method: 'POST',\n                body: formData\n            })\n            .then(res => res.text())\n.then(html => {\n    const container = document.querySelector('.resultado-lojas-container');\n    if (container) container.innerHTML = html;\n\n    \/\/ Scroll suave at\u00e9 o ID #resultados, se existir\n    const resultadosSection = document.getElementById('resultados');\n    if (resultadosSection) {\n        resultadosSection.scrollIntoView({ behavior: 'smooth' });\n    }\n});\n\n        });\n    });\n    <\/script>\n    <\/div>\n\t\t\t\t<\/div>\n\t\t\t\t<\/div>\n\t\t\t\t<\/div>\n\t\t\t\t\t<\/div>\n\t\t\t\t<\/div>\n\t\t<div class=\"elementor-element elementor-element-42d056b e-flex e-con-boxed e-con e-parent\" data-id=\"42d056b\" data-element_type=\"container\" id=\"resultados\">\n\t\t\t\t\t<div class=\"e-con-inner\">\n\t\t\t\t<div class=\"elementor-element elementor-element-8102989 elementor-widget elementor-widget-heading\" data-id=\"8102989\" data-element_type=\"widget\" data-widget_type=\"heading.default\">\n\t\t\t\t<div class=\"elementor-widget-container\">\n\t\t\t<h2 class=\"elementor-heading-title elementor-size-default\">Resultados:<\/h2>\t\t<\/div>\n\t\t\t\t<\/div>\n\t\t\t\t<div class=\"elementor-element elementor-element-adef627 elementor-widget elementor-widget-shortcode\" data-id=\"adef627\" data-element_type=\"widget\" data-widget_type=\"shortcode.default\">\n\t\t\t\t<div class=\"elementor-widget-container\">\n\t\t\t\t\t<div class=\"elementor-shortcode\"><div class=\"resultado-lojas-container\"><p class=\"mensagem-inicial\">Voc\u00ea precisa selecionar um Estado e Cidade para visualizar corretamente.<\/p><\/div><\/div>\n\t\t\t\t<\/div>\n\t\t\t\t<\/div>\n\t\t\t\t\t<\/div>\n\t\t\t\t<\/div>\n\t\t\t\t<\/div>\n\t\t","protected":false},"excerpt":{"rendered":"<p>Encontreas lojas Mais perto de voc\u00ea. Deseja ver tamb\u00e9m nossa rela\u00e7\u00e3o de representantes segmentados por cidade?\u00a0Clique Aqui\u00a0ou Ligue para\u00a0(77) 3427-5035 [&hellip;]<\/p>\n","protected":false},"author":1,"featured_media":0,"parent":0,"menu_order":0,"comment_status":"closed","ping_status":"closed","template":"","meta":{"site-sidebar-layout":"no-sidebar","site-content-layout":"","ast-site-content-layout":"full-width-container","site-content-style":"default","site-sidebar-style":"default","ast-global-header-display":"","ast-banner-title-visibility":"","ast-main-header-display":"","ast-hfb-above-header-display":"","ast-hfb-below-header-display":"","ast-hfb-mobile-header-display":"","site-post-title":"disabled","ast-breadcrumbs-content":"","ast-featured-img":"disabled","footer-sml-layout":"","theme-transparent-header-meta":"","adv-header-id-meta":"","stick-header-meta":"","header-above-stick-meta":"","header-main-stick-meta":"","header-below-stick-meta":"","astra-migrate-meta-layouts":"default","ast-page-background-enabled":"default","ast-page-background-meta":{"desktop":{"background-color":"var(--ast-global-color-4)","background-image":"","background-repeat":"repeat","background-position":"center center","background-size":"auto","background-attachment":"scroll","background-type":"","background-media":"","overlay-type":"","overlay-color":"","overlay-opacity":"","overlay-gradient":""},"tablet":{"background-color":"","background-image":"","background-repeat":"repeat","background-position":"center center","background-size":"auto","background-attachment":"scroll","background-type":"","background-media":"","overlay-type":"","overlay-color":"","overlay-opacity":"","overlay-gradient":""},"mobile":{"background-color":"","background-image":"","background-repeat":"repeat","background-position":"center center","background-size":"auto","background-attachment":"scroll","background-type":"","background-media":"","overlay-type":"","overlay-color":"","overlay-opacity":"","overlay-gradient":""}},"ast-content-background-meta":{"desktop":{"background-color":"var(--ast-global-color-5)","background-image":"","background-repeat":"repeat","background-position":"center center","background-size":"auto","background-attachment":"scroll","background-type":"","background-media":"","overlay-type":"","overlay-color":"","overlay-opacity":"","overlay-gradient":""},"tablet":{"background-color":"var(--ast-global-color-5)","background-image":"","background-repeat":"repeat","background-position":"center center","background-size":"auto","background-attachment":"scroll","background-type":"","background-media":"","overlay-type":"","overlay-color":"","overlay-opacity":"","overlay-gradient":""},"mobile":{"background-color":"var(--ast-global-color-5)","background-image":"","background-repeat":"repeat","background-position":"center center","background-size":"auto","background-attachment":"scroll","background-type":"","background-media":"","overlay-type":"","overlay-color":"","overlay-opacity":"","overlay-gradient":""}},"footnotes":""},"class_list":["post-272","page","type-page","status-publish","hentry"],"_links":{"self":[{"href":"https:\/\/vucan.com.br\/index.php\/wp-json\/wp\/v2\/pages\/272","targetHints":{"allow":["GET"]}}],"collection":[{"href":"https:\/\/vucan.com.br\/index.php\/wp-json\/wp\/v2\/pages"}],"about":[{"href":"https:\/\/vucan.com.br\/index.php\/wp-json\/wp\/v2\/types\/page"}],"author":[{"embeddable":true,"href":"https:\/\/vucan.com.br\/index.php\/wp-json\/wp\/v2\/users\/1"}],"replies":[{"embeddable":true,"href":"https:\/\/vucan.com.br\/index.php\/wp-json\/wp\/v2\/comments?post=272"}],"version-history":[{"count":61,"href":"https:\/\/vucan.com.br\/index.php\/wp-json\/wp\/v2\/pages\/272\/revisions"}],"predecessor-version":[{"id":650,"href":"https:\/\/vucan.com.br\/index.php\/wp-json\/wp\/v2\/pages\/272\/revisions\/650"}],"wp:attachment":[{"href":"https:\/\/vucan.com.br\/index.php\/wp-json\/wp\/v2\/media?parent=272"}],"curies":[{"name":"wp","href":"https:\/\/api.w.org\/{rel}","templated":true}]}}